{"id":445,"date":"2015-08-24T13:54:48","date_gmt":"2015-08-24T11:54:48","guid":{"rendered":"http:\/\/slivnica.splet.arnes.si\/?page_id=445"},"modified":"2015-08-24T13:58:56","modified_gmt":"2015-08-24T11:58:56","slug":"solski-okolis","status":"publish","type":"page","link":"https:\/\/www.os-slivnica.si\/?page_id=445","title":{"rendered":"\u0160olski okoli\u0161"},"content":{"rendered":"<div>a) podokoli\u0161 Osnovne \u0161ole Slivnica pri Celju:<\/div>\n<div>Gorica pri Slivnici, Rakitovec, Javorje, Bukovje pri Slivnici, Voduce, Jelce, Sele, Turno, Paridol, Slivnica pri Celju, Voglajna, Drobinsko, Vezovje, Tratna pri Grobelnem od hi\u0161ne \u0161tevilke 32 do 44, \u010crnolica od hi\u0161ne \u0161tevilke 29 do 37, Vodice pri Slivnici, Tratna ob Voglajni;<\/div>\n<div><\/div>\n<div><\/div>\n<div>b) podokoli\u0161 Podru\u017eni\u010dne osnovne \u0161ole Loka pri \u017dusmu:<\/div>\n<div>Loka pri \u017dusmu, Dobrina, Hrastje;<\/div>\n<div><\/div>\n<div><\/div>\n<div>c) podokoli\u0161 Podru\u017eni\u010dne osnovne \u0161ole Prevorje:<\/div>\n<div>Lopaca, Krivica, \u017degar, Stra\u0161ka gorca, Ko\u0161nica, Dobje pri Lesi\u010dnem.<\/div>\n<div><\/div>\n<div><\/div>\n<div>Naselja iz vseh treh alinej tega \u010dlena sestavljajo \u0161olski okoli\u0161 Osnovne \u0161ole Slivnica pri Celju.Mati\u010dna enota je Osnovna \u0161ola Slivnica pri Celju, kjer je sede\u017e zavoda. V mati\u010dni enoti se vpisuje otroke v osnovno \u0161olo ter v dnevno varstvo in druge oblike oskrbe otrok za celoten \u0161olski okoli\u0161 in sicer v ustrezni podokoli\u0161. Star\u0161i, ki \u017eelijo vpisati otroka v drug podokoli\u0161, morajo oddati vlogo, ki jo obravnava komisija, sestavljena iz ravnateljice, vodje podru\u017eni\u010dne \u0161ole in svetovalne delavke.<\/div>\n","protected":false},"excerpt":{"rendered":"<p>a) podokoli\u0161 Osnovne \u0161ole Slivnica pri Celju: Gorica pri Slivnici, Rakitovec, Javorje, Bukovje pri Slivnici, Voduce, Jelce, Sele, Turno, Paridol, Slivnica pri Celju, Voglajna, Drobinsko, Vezovje, Tratna pri Grobelnem od hi\u0161ne \u0161tevilke 32 do 44, \u010crnolica od hi\u0161ne \u0161tevilke 29 do 37, Vodice pri Slivnici, Tratna ob Voglajni; b) podokoli\u0161 Podru\u017eni\u010dne osnovne \u0161ole Loka pri [&hellip;]<\/p>\n","protected":false},"author":5703,"featured_media":0,"parent":0,"menu_order":0,"comment_status":"closed","ping_status":"closed","template":"","meta":{"_et_pb_use_builder":"","_et_pb_old_content":"","_et_gb_content_width":"","ngg_post_thumbnail":0,"footnotes":"","_expiration-date-status":"","_expiration-date":0,"_expiration-date-type":"","_expiration-date-categories":[],"_expiration-date-options":[]},"class_list":["post-445","page","type-page","status-publish","hentry"],"_links":{"self":[{"href":"https:\/\/www.os-slivnica.si\/index.php?rest_route=\/wp\/v2\/pages\/445","targetHints":{"allow":["GET"]}}],"collection":[{"href":"https:\/\/www.os-slivnica.si\/index.php?rest_route=\/wp\/v2\/pages"}],"about":[{"href":"https:\/\/www.os-slivnica.si\/index.php?rest_route=\/wp\/v2\/types\/page"}],"author":[{"embeddable":true,"href":"https:\/\/www.os-slivnica.si\/index.php?rest_route=\/wp\/v2\/users\/5703"}],"replies":[{"embeddable":true,"href":"https:\/\/www.os-slivnica.si\/index.php?rest_route=%2Fwp%2Fv2%2Fcomments&post=445"}],"version-history":[{"count":5,"href":"https:\/\/www.os-slivnica.si\/index.php?rest_route=\/wp\/v2\/pages\/445\/revisions"}],"predecessor-version":[{"id":450,"href":"https:\/\/www.os-slivnica.si\/index.php?rest_route=\/wp\/v2\/pages\/445\/revisions\/450"}],"wp:attachment":[{"href":"https:\/\/www.os-slivnica.si\/index.php?rest_route=%2Fwp%2Fv2%2Fmedia&parent=445"}],"curies":[{"name":"wp","href":"https:\/\/api.w.org\/{rel}","templated":true}]}}