{"id":26971,"date":"2024-07-02T20:36:34","date_gmt":"2024-07-02T18:36:34","guid":{"rendered":"https:\/\/slivnica.splet.arnes.si\/?page_id=26971"},"modified":"2025-01-04T14:33:04","modified_gmt":"2025-01-04T13:33:04","slug":"deutsch-fur-alle-alle-fur-deutsch","status":"publish","type":"page","link":"https:\/\/www.os-slivnica.si\/?page_id=26971","title":{"rendered":"Deutsch f\u00fcr alle, alle f\u00fcr Deutsch"},"content":{"rendered":"<ul>\n<li>partnerske \u0161ole iz: <em>Francije, Gr\u010dije, Hrva\u0161ke, Italije, Poljske, Romunije in Slova\u0161ke<\/em><\/li>\n<li>sodelujo\u010di u\u010denci: 7. in 8. r. (NI1), 9. r. (NI3)<\/li>\n<li>TwinSpace: <a href=\"https:\/\/school-education.ec.europa.eu\/en\/etwinning\/projects\/deutsch-fur-alle-alle-fur-deutsch\/twinspace\" target=\"_blank\" rel=\"noopener\">https:\/\/school-education.ec.europa.eu\/en\/etwinning\/projects\/deutsch-fur-alle-alle-fur-deutsch\/twinspace<\/a><\/li>\n<li>priznanja: nacionalni znak kakovosti 2024, <a href=\"https:\/\/school-education.ec.europa.eu\/en\/etwinning\/labels\/european-quality-label\/eql-winners\/2024?search_api_fulltext=Slovenia\" target=\"_blank\" rel=\"noopener\">evropski znak kavosti 2024<\/a><\/li>\n<\/ul>\n<p>V okviru eTwinning projekta smo izvedli naslednje dejavnosti: spoznavanje pravil lepega vedenja na omre\u017eju (netiketa), skupinska predstavitev (film\u010dek in kviz), pisanje in izdelava osebne predstavitve, pisanje in izdelava bo\u017ei\u010dno-novoletnih vo\u0161\u010dilnic, petje pesmi \u00bbO Tannenbaum\u00ab (film\u010dek), izdelava spletnih jezikovnih iger (na temo: bo\u017ei\u010d, novo leto, pohi\u0161tvo, prostori), pisanje o svoji najljub\u0161i hrani in tradicionalni hrani, dialog v restavraciji, opisovanje svojega najljub\u0161ega koti\u010dka\/prostora itd.<\/p>\n<p><a href=\"https:\/\/www.os-slivnica.si\/files\/2024\/07\/112.jpg\"><img loading=\"lazy\" decoding=\"async\" class=\"alignleft wp-image-26974\" src=\"https:\/\/www.os-slivnica.si\/files\/2024\/07\/112-1024x576.jpg\" alt=\"\" width=\"750\" height=\"422\" srcset=\"https:\/\/www.os-slivnica.si\/files\/2024\/07\/112-1024x576.jpg 1024w, https:\/\/www.os-slivnica.si\/files\/2024\/07\/112-300x169.jpg 300w, https:\/\/www.os-slivnica.si\/files\/2024\/07\/112-768x432.jpg 768w, https:\/\/www.os-slivnica.si\/files\/2024\/07\/112-1536x864.jpg 1536w, https:\/\/www.os-slivnica.si\/files\/2024\/07\/112-1080x608.jpg 1080w, https:\/\/www.os-slivnica.si\/files\/2024\/07\/112.jpg 1920w\" sizes=\"(max-width: 750px) 100vw, 750px\" \/><\/a><\/p>\n<p>&nbsp;<\/p>\n<p>&nbsp;<\/p>\n<p>&nbsp;<\/p>\n<p>&nbsp;<\/p>\n<p>&nbsp;<\/p>\n<p>&nbsp;<\/p>\n<p>&nbsp;<\/p>\n<p>&nbsp;<\/p>\n<p>&nbsp;<\/p>\n<p>&nbsp;<\/p>\n<p><a href=\"https:\/\/www.os-slivnica.si\/files\/2024\/07\/111.jpg\"><img loading=\"lazy\" decoding=\"async\" class=\"alignleft wp-image-26975\" src=\"https:\/\/www.os-slivnica.si\/files\/2024\/07\/111-1024x576.jpg\" alt=\"\" width=\"750\" height=\"422\" srcset=\"https:\/\/www.os-slivnica.si\/files\/2024\/07\/111-1024x576.jpg 1024w, https:\/\/www.os-slivnica.si\/files\/2024\/07\/111-300x169.jpg 300w, https:\/\/www.os-slivnica.si\/files\/2024\/07\/111-768x432.jpg 768w, https:\/\/www.os-slivnica.si\/files\/2024\/07\/111-1536x864.jpg 1536w, https:\/\/www.os-slivnica.si\/files\/2024\/07\/111-1080x608.jpg 1080w, https:\/\/www.os-slivnica.si\/files\/2024\/07\/111.jpg 1920w\" sizes=\"(max-width: 750px) 100vw, 750px\" \/><\/a><\/p>\n","protected":false},"excerpt":{"rendered":"<p>partnerske \u0161ole iz: Francije, Gr\u010dije, Hrva\u0161ke, Italije, Poljske, Romunije in Slova\u0161ke sodelujo\u010di u\u010denci: 7. in 8. r. (NI1), 9. r. (NI3) TwinSpace: https:\/\/school-education.ec.europa.eu\/en\/etwinning\/projects\/deutsch-fur-alle-alle-fur-deutsch\/twinspace priznanja: nacionalni znak kakovosti 2024, evropski znak kavosti 2024 V okviru eTwinning projekta smo izvedli naslednje dejavnosti: spoznavanje pravil lepega vedenja na omre\u017eju (netiketa), skupinska predstavitev (film\u010dek in kviz), pisanje in izdelava [&hellip;]<\/p>\n","protected":false},"author":4243,"featured_media":0,"parent":0,"menu_order":0,"comment_status":"closed","ping_status":"closed","template":"","meta":{"_et_pb_use_builder":"","_et_pb_old_content":"","_et_gb_content_width":"","ngg_post_thumbnail":0,"footnotes":"","_expiration-date-status":"","_expiration-date":0,"_expiration-date-type":"","_expiration-date-categories":[],"_expiration-date-options":[]},"class_list":["post-26971","page","type-page","status-publish","hentry"],"_links":{"self":[{"href":"https:\/\/www.os-slivnica.si\/index.php?rest_route=\/wp\/v2\/pages\/26971","targetHints":{"allow":["GET"]}}],"collection":[{"href":"https:\/\/www.os-slivnica.si\/index.php?rest_route=\/wp\/v2\/pages"}],"about":[{"href":"https:\/\/www.os-slivnica.si\/index.php?rest_route=\/wp\/v2\/types\/page"}],"author":[{"embeddable":true,"href":"https:\/\/www.os-slivnica.si\/index.php?rest_route=\/wp\/v2\/users\/4243"}],"replies":[{"embeddable":true,"href":"https:\/\/www.os-slivnica.si\/index.php?rest_route=%2Fwp%2Fv2%2Fcomments&post=26971"}],"version-history":[{"count":7,"href":"https:\/\/www.os-slivnica.si\/index.php?rest_route=\/wp\/v2\/pages\/26971\/revisions"}],"predecessor-version":[{"id":28628,"href":"https:\/\/www.os-slivnica.si\/index.php?rest_route=\/wp\/v2\/pages\/26971\/revisions\/28628"}],"wp:attachment":[{"href":"https:\/\/www.os-slivnica.si\/index.php?rest_route=%2Fwp%2Fv2%2Fmedia&parent=26971"}],"curies":[{"name":"wp","href":"https:\/\/api.w.org\/{rel}","templated":true}]}}