{"id":26957,"date":"2024-07-02T19:01:38","date_gmt":"2024-07-02T17:01:38","guid":{"rendered":"https:\/\/slivnica.splet.arnes.si\/?page_id=26957"},"modified":"2025-01-04T14:33:29","modified_gmt":"2025-01-04T13:33:29","slug":"fairy-tales","status":"publish","type":"page","link":"https:\/\/www.os-slivnica.si\/?page_id=26957","title":{"rendered":"Fairy Tales"},"content":{"rendered":"<ul>\n<li>partnerske \u0161ole iz: Martiniqua in Romunije<\/li>\n<li>sodelujo\u010di u\u010denci: 6. r.<\/li>\n<li>TwinSpace: <a href=\"https:\/\/school-education.ec.europa.eu\/en\/etwinning\/projects\/fairy-tales-9\/twinspace\" target=\"_blank\" rel=\"noopener\">https:\/\/school-education.ec.europa.eu\/en\/etwinning\/projects\/fairy-tales-9\/twinspace<\/a><\/li>\n<li>priznanja: nacionalni znak kakovosti 2024, <a href=\"https:\/\/school-education.ec.europa.eu\/en\/etwinning\/labels\/european-quality-label\/eql-winners\/2024?search_api_fulltext=Slovenia\" target=\"_blank\" rel=\"noopener\">evropski znak kavosti 2024<\/a><\/li>\n<\/ul>\n<p>V eTwinning projektu <strong><em>Fairy Tales<\/em><\/strong> so \u0161esto\u0161olci odkrivali, opisovali in risali <strong><a href=\"https:\/\/padlet.com\/Lilijanaph\/mythical-creatures-from-slovenia-wjtj1ppwy01o7fwo\" target=\"_blank\" rel=\"noopener\">mitolo\u0161ka bitja Slovenije<\/a><\/strong> ter spoznavali mitolo\u0161ka bitja partnerskih dr\u017eav. Mitolo\u0161ka bitja so nato postala junaki v mednarodnih zgodbicah, ki so zasledovale cilje trajnostnega razvoja.&nbsp;<\/p>\n<p><a href=\"https:\/\/www.os-slivnica.si\/files\/2024\/07\/parkelj.jpg\"><img loading=\"lazy\" decoding=\"async\" class=\"alignleft wp-image-27004\" src=\"https:\/\/www.os-slivnica.si\/files\/2024\/07\/parkelj-1024x784.jpg\" alt=\"\" width=\"461\" height=\"353\" srcset=\"https:\/\/www.os-slivnica.si\/files\/2024\/07\/parkelj-1024x784.jpg 1024w, https:\/\/www.os-slivnica.si\/files\/2024\/07\/parkelj-300x230.jpg 300w, https:\/\/www.os-slivnica.si\/files\/2024\/07\/parkelj-768x588.jpg 768w, https:\/\/www.os-slivnica.si\/files\/2024\/07\/parkelj-1080x827.jpg 1080w, https:\/\/www.os-slivnica.si\/files\/2024\/07\/parkelj.jpg 1365w\" sizes=\"(max-width: 461px) 100vw, 461px\" \/><\/a><a href=\"https:\/\/www.os-slivnica.si\/files\/2024\/07\/werewolf-scaled.jpg\"><img loading=\"lazy\" decoding=\"async\" class=\"alignleft wp-image-26962\" src=\"https:\/\/www.os-slivnica.si\/files\/2024\/07\/werewolf-724x1024.jpg\" alt=\"Werewolf by Matic Lokna\" width=\"246\" height=\"348\" srcset=\"https:\/\/www.os-slivnica.si\/files\/2024\/07\/werewolf-724x1024.jpg 724w, https:\/\/www.os-slivnica.si\/files\/2024\/07\/werewolf-212x300.jpg 212w, https:\/\/www.os-slivnica.si\/files\/2024\/07\/werewolf-768x1086.jpg 768w, https:\/\/www.os-slivnica.si\/files\/2024\/07\/werewolf-1086x1536.jpg 1086w, https:\/\/www.os-slivnica.si\/files\/2024\/07\/werewolf-1448x2048.jpg 1448w, https:\/\/www.os-slivnica.si\/files\/2024\/07\/werewolf-1080x1527.jpg 1080w, https:\/\/www.os-slivnica.si\/files\/2024\/07\/werewolf-scaled.jpg 1810w\" sizes=\"(max-width: 246px) 100vw, 246px\" \/><\/a><\/p>\n<p><iframe loading=\"lazy\" class=\"wp-embedded-content\" sandbox=\"allow-scripts\" security=\"restricted\" title=\"Fairy Tales eTwinning Project\" width=\"675\" height=\"675\" src=\"https:\/\/read.bookcreator.com\/tyBtCYmkr7TyRwtSP1gQI5FGKWv1\/vT7-unicROer1i6otcpWSA#?secret=kda3qfQOzR\" data-secret=\"kda3qfQOzR\" frameborder=\"0\"><\/iframe><\/p>\n","protected":false},"excerpt":{"rendered":"<p>partnerske \u0161ole iz: Martiniqua in Romunije sodelujo\u010di u\u010denci: 6. r. TwinSpace: https:\/\/school-education.ec.europa.eu\/en\/etwinning\/projects\/fairy-tales-9\/twinspace priznanja: nacionalni znak kakovosti 2024, evropski znak kavosti 2024 V eTwinning projektu Fairy Tales so \u0161esto\u0161olci odkrivali, opisovali in risali mitolo\u0161ka bitja Slovenije ter spoznavali mitolo\u0161ka bitja partnerskih dr\u017eav. Mitolo\u0161ka bitja so nato postala junaki v mednarodnih zgodbicah, ki so zasledovale cilje trajnostnega [&hellip;]<\/p>\n","protected":false},"author":4243,"featured_media":0,"parent":0,"menu_order":0,"comment_status":"closed","ping_status":"closed","template":"","meta":{"_et_pb_use_builder":"","_et_pb_old_content":"","_et_gb_content_width":"","ngg_post_thumbnail":0,"footnotes":"","_expiration-date-status":"","_expiration-date":0,"_expiration-date-type":"","_expiration-date-categories":[],"_expiration-date-options":[]},"class_list":["post-26957","page","type-page","status-publish","hentry"],"_links":{"self":[{"href":"https:\/\/www.os-slivnica.si\/index.php?rest_route=\/wp\/v2\/pages\/26957","targetHints":{"allow":["GET"]}}],"collection":[{"href":"https:\/\/www.os-slivnica.si\/index.php?rest_route=\/wp\/v2\/pages"}],"about":[{"href":"https:\/\/www.os-slivnica.si\/index.php?rest_route=\/wp\/v2\/types\/page"}],"author":[{"embeddable":true,"href":"https:\/\/www.os-slivnica.si\/index.php?rest_route=\/wp\/v2\/users\/4243"}],"replies":[{"embeddable":true,"href":"https:\/\/www.os-slivnica.si\/index.php?rest_route=%2Fwp%2Fv2%2Fcomments&post=26957"}],"version-history":[{"count":10,"href":"https:\/\/www.os-slivnica.si\/index.php?rest_route=\/wp\/v2\/pages\/26957\/revisions"}],"predecessor-version":[{"id":28629,"href":"https:\/\/www.os-slivnica.si\/index.php?rest_route=\/wp\/v2\/pages\/26957\/revisions\/28629"}],"wp:attachment":[{"href":"https:\/\/www.os-slivnica.si\/index.php?rest_route=%2Fwp%2Fv2%2Fmedia&parent=26957"}],"curies":[{"name":"wp","href":"https:\/\/api.w.org\/{rel}","templated":true}]}}